{"id":70,"date":"2022-02-06T13:17:58","date_gmt":"2022-02-06T13:17:58","guid":{"rendered":"http:\/\/casamarebaltico.com\/?page_id=70"},"modified":"2026-01-02T15:14:10","modified_gmt":"2026-01-02T14:14:10","slug":"preise-buchung","status":"publish","type":"page","link":"https:\/\/casamarebaltico.com\/en\/preise-buchung\/","title":{"rendered":"Prices &amp; Booking"},"content":{"rendered":"<div data-elementor-type=\"wp-page\" data-elementor-id=\"70\" class=\"elementor elementor-70\" data-elementor-post-type=\"page\">\n\t\t\t\t\t\t<section class=\"elementor-section elementor-top-section elementor-element elementor-element-bc6dc58 elementor-section-boxed elementor-section-height-default elementor-section-height-default\" data-id=\"bc6dc58\" data-element_type=\"section\" data-e-type=\"section\">\n\t\t\t\t\t\t<div class=\"elementor-container elementor-column-gap-default\">\n\t\t\t\t\t<div class=\"elementor-column elementor-col-100 elementor-top-column elementor-element elementor-element-1cc5be4\" data-id=\"1cc5be4\" data-element_type=\"column\" data-e-type=\"column\">\n\t\t\t<div class=\"elementor-widget-wrap elementor-element-populated\">\n\t\t\t\t\t\t<div class=\"elementor-element elementor-element-5c36d65 elementor-widget elementor-widget-image\" data-id=\"5c36d65\" data-element_type=\"widget\" data-e-type=\"widget\" data-widget_type=\"image.default\">\n\t\t\t\t<div class=\"elementor-widget-container\">\n\t\t\t\t\t\t\t\t\t\t\t\t\t\t\t<img fetchpriority=\"high\" decoding=\"async\" width=\"1920\" height=\"1161\" src=\"https:\/\/casamarebaltico.com\/wp-content\/uploads\/2024\/10\/1_Information.webp\" class=\"attachment-full size-full wp-image-697\" alt=\"Zwei Schw\u00e4ne auf dem Wasser\" srcset=\"https:\/\/casamarebaltico.com\/wp-content\/uploads\/2024\/10\/1_Information.webp 1920w, https:\/\/casamarebaltico.com\/wp-content\/uploads\/2024\/10\/1_Information-300x181.webp 300w, https:\/\/casamarebaltico.com\/wp-content\/uploads\/2024\/10\/1_Information-1024x619.webp 1024w, https:\/\/casamarebaltico.com\/wp-content\/uploads\/2024\/10\/1_Information-768x464.webp 768w, https:\/\/casamarebaltico.com\/wp-content\/uploads\/2024\/10\/1_Information-1536x928.webp 1536w\" sizes=\"(max-width: 1920px) 100vw, 1920px\" \/>\t\t\t\t\t\t\t\t\t\t\t\t\t\t\t<\/div>\n\t\t\t\t<\/div>\n\t\t\t\t\t<\/div>\n\t\t<\/div>\n\t\t\t\t\t<\/div>\n\t\t<\/section>\n\t\t\t\t<section class=\"elementor-section elementor-top-section elementor-element elementor-element-1272cee elementor-section-boxed elementor-section-height-default elementor-section-height-default\" data-id=\"1272cee\" data-element_type=\"section\" data-e-type=\"section\">\n\t\t\t\t\t\t<div class=\"elementor-container elementor-column-gap-default\">\n\t\t\t\t\t<div class=\"elementor-column elementor-col-100 elementor-top-column elementor-element elementor-element-4d676c5\" data-id=\"4d676c5\" data-element_type=\"column\" data-e-type=\"column\">\n\t\t\t<div class=\"elementor-widget-wrap elementor-element-populated\">\n\t\t\t\t\t\t<div class=\"elementor-element elementor-element-131eb4f elementor-widget elementor-widget-spacer\" data-id=\"131eb4f\" data-element_type=\"widget\" data-e-type=\"widget\" data-widget_type=\"spacer.default\">\n\t\t\t\t<div class=\"elementor-widget-container\">\n\t\t\t\t\t\t\t<div class=\"elementor-spacer\">\n\t\t\t<div class=\"elementor-spacer-inner\"><\/div>\n\t\t<\/div>\n\t\t\t\t\t\t<\/div>\n\t\t\t\t<\/div>\n\t\t\t\t\t<\/div>\n\t\t<\/div>\n\t\t\t\t\t<\/div>\n\t\t<\/section>\n\t\t\t\t<section class=\"elementor-section elementor-top-section elementor-element elementor-element-4eed443 elementor-section-boxed elementor-section-height-default elementor-section-height-default\" data-id=\"4eed443\" data-element_type=\"section\" data-e-type=\"section\">\n\t\t\t\t\t\t<div class=\"elementor-container elementor-column-gap-default\">\n\t\t\t\t\t<div class=\"elementor-column elementor-col-100 elementor-top-column elementor-element elementor-element-8e2219a\" data-id=\"8e2219a\" data-element_type=\"column\" data-e-type=\"column\">\n\t\t\t<div class=\"elementor-widget-wrap elementor-element-populated\">\n\t\t\t\t\t\t<div class=\"elementor-element elementor-element-bd2c1db elementor-widget elementor-widget-heading\" data-id=\"bd2c1db\" data-element_type=\"widget\" data-e-type=\"widget\" data-widget_type=\"heading.default\">\n\t\t\t\t<div class=\"elementor-widget-container\">\n\t\t\t\t\t<h2 class=\"elementor-heading-title elementor-size-default\">Price &amp; booking<\/h2>\t\t\t\t<\/div>\n\t\t\t\t<\/div>\n\t\t\t\t<div class=\"elementor-element elementor-element-ac11e6e elementor-widget elementor-widget-text-editor\" data-id=\"ac11e6e\" data-element_type=\"widget\" data-e-type=\"widget\" data-widget_type=\"text-editor.default\">\n\t\t\t\t<div class=\"elementor-widget-container\">\n\t\t\t\t\t\t\t\t\t<p>The prices are seasonal.<\/p>\t\t\t\t\t\t\t\t<\/div>\n\t\t\t\t<\/div>\n\t\t\t\t\t<\/div>\n\t\t<\/div>\n\t\t\t\t\t<\/div>\n\t\t<\/section>\n\t\t\t\t<section class=\"elementor-section elementor-top-section elementor-element elementor-element-211deb7 elementor-section-boxed elementor-section-height-default elementor-section-height-default\" data-id=\"211deb7\" data-element_type=\"section\" data-e-type=\"section\">\n\t\t\t\t\t\t<div class=\"elementor-container elementor-column-gap-default\">\n\t\t\t\t\t<div class=\"elementor-column elementor-col-100 elementor-top-column elementor-element elementor-element-040e22b\" data-id=\"040e22b\" data-element_type=\"column\" data-e-type=\"column\">\n\t\t\t<div class=\"elementor-widget-wrap elementor-element-populated\">\n\t\t\t\t\t\t<div class=\"elementor-element elementor-element-7f829c3 elementor-widget__width-initial elementor-widget elementor-widget-price-list\" data-id=\"7f829c3\" data-element_type=\"widget\" data-e-type=\"widget\" data-widget_type=\"price-list.default\">\n\t\t\t\t<div class=\"elementor-widget-container\">\n\t\t\t\t\t\n\t\t<ul class=\"elementor-price-list\">\n\n\t\t\t\t\t\t\t\t\t<li><a class=\"elementor-price-list-item\" href=\"#\">\t\t\t\t\n\t\t\t\t<div class=\"elementor-price-list-text\">\n\t\t\t\t\t\t\t\t\t<div class=\"elementor-price-list-header\">\n\t\t\t\t\t\t\t\t\t\t\t<span class=\"elementor-price-list-title\">\n\t\t\t\t\t\t\tPre season\t\t\t\t\t\t<\/span>\n\t\t\t\t\t\t\t\t\t\t\t\t\t\t\t\t\t\t\t\t\t\t\t\t<span class=\"elementor-price-list-price\">\u20ac125,-\/ day incl. 4 persons<\/span>\n\t\t\t\t\t\t\t\t\t\t<\/div>\n\t\t\t\t\t\t\t\t\t\t\t\t\t\t\t<p class=\"elementor-price-list-description\">\n\t\t\t\t\t\t\t(06.01.-31.03.2025 und 01.11.-22.12.2025)\t\t\t\t\t\t<\/p>\n\t\t\t\t\t\t\t\t<\/div>\n\t\t\t\t<\/a><\/li>\t\t\t\t\t\t\t\t\t\t\t\t<li><a class=\"elementor-price-list-item\" href=\"#\">\t\t\t\t\n\t\t\t\t<div class=\"elementor-price-list-text\">\n\t\t\t\t\t\t\t\t\t<div class=\"elementor-price-list-header\">\n\t\t\t\t\t\t\t\t\t\t\t<span class=\"elementor-price-list-title\">\n\t\t\t\t\t\t\tLow season\t\t\t\t\t\t<\/span>\n\t\t\t\t\t\t\t\t\t\t\t\t\t\t\t\t\t\t\t\t\t\t\t\t<span class=\"elementor-price-list-price\">\u20ac135,-\/ day incl. 4 persons<\/span>\n\t\t\t\t\t\t\t\t\t\t<\/div>\n\t\t\t\t\t\t\t\t\t\t\t\t\t\t\t<p class=\"elementor-price-list-description\">\n\t\t\t\t\t\t\t(01.04.-15.05.2025 und 16.09.-31.10.2025)\t\t\t\t\t\t<\/p>\n\t\t\t\t\t\t\t\t<\/div>\n\t\t\t\t<\/a><\/li>\t\t\t\t\t\t\t\t\t\t\t\t<li><a class=\"elementor-price-list-item\" href=\"#\">\t\t\t\t\n\t\t\t\t<div class=\"elementor-price-list-text\">\n\t\t\t\t\t\t\t\t\t<div class=\"elementor-price-list-header\">\n\t\t\t\t\t\t\t\t\t\t\t<span class=\"elementor-price-list-title\">\n\t\t\t\t\t\t\tHigh season\t\t\t\t\t\t<\/span>\n\t\t\t\t\t\t\t\t\t\t\t\t\t\t\t\t\t\t\t\t\t\t\t\t<span class=\"elementor-price-list-price\">\u20ac165,-\/ day incl. 4 persons<\/span>\n\t\t\t\t\t\t\t\t\t\t<\/div>\n\t\t\t\t\t\t\t\t\t\t\t\t\t\t\t<p class=\"elementor-price-list-description\">\n\t\t\t\t\t\t\t(16.05.-15.09.2025 und 23.12.2025 - 04.01.2026)\t\t\t\t\t\t<\/p>\n\t\t\t\t\t\t\t\t<\/div>\n\t\t\t\t<\/a><\/li>\t\t\t\t\t\n\t\t<\/ul>\n\n\t\t\t\t\t\t<\/div>\n\t\t\t\t<\/div>\n\t\t\t\t\t<\/div>\n\t\t<\/div>\n\t\t\t\t\t<\/div>\n\t\t<\/section>\n\t\t\t\t<section class=\"elementor-section elementor-top-section elementor-element elementor-element-6d249b8 elementor-section-boxed elementor-section-height-default elementor-section-height-default\" data-id=\"6d249b8\" data-element_type=\"section\" data-e-type=\"section\">\n\t\t\t\t\t\t<div class=\"elementor-container elementor-column-gap-default\">\n\t\t\t\t\t<div class=\"elementor-column elementor-col-100 elementor-top-column elementor-element elementor-element-ef55d36\" data-id=\"ef55d36\" data-element_type=\"column\" data-e-type=\"column\">\n\t\t\t<div class=\"elementor-widget-wrap elementor-element-populated\">\n\t\t\t\t\t\t<div class=\"elementor-element elementor-element-66be89f elementor-widget__width-initial elementor-widget elementor-widget-text-editor\" data-id=\"66be89f\" data-element_type=\"widget\" data-e-type=\"widget\" data-widget_type=\"text-editor.default\">\n\t\t\t\t<div class=\"elementor-widget-container\">\n\t\t\t\t\t\t\t\t\t<p>Each additional person + 10,- euro per day.<\/p>\n<p>Dogs are welcome and are charged with 8,- euros\/ day.<\/p>\n<p>The energy and additional costs for the house as well as the firewood for the fireplace are included.<br><\/p>\n<p>The final cleaning, for a one-off fee of 216 euros, is added to the first day.<\/p>\n<p>Bed linen and towels can be provided for a fee of \u20ac16 and \u20ac12 per person respectively. Otherwise, please bring your own towels and bed linen for 200x140 duvets and 80x80 pillows.<\/p>\n<p>Upon arrival and welcome in the apartment you pay the deposit of 200,- Euro for the duration of your stay. This will be refunded after you have checked out the house.<\/p>\n<p>There is a wall box in the shed for charging electric cars. Electricity consumption during charging is automatically recorded and billed separately at 35ct\/kWh including VAT after your stay. Please let us know by email if you would like to use this service and send us your billing address.<\/p>\n<p>Visitor's tax in Gro\u00df Schwansee: <span style=\"font-family: var( --e-global-typography-text-font-family ), Sans-serif; font-size: var( --e-global-typography-text-font-size );\">A visitor's tax is levied in the municipality of Kalkhorst, to which Gro\u00df Schwansee belongs.&nbsp;<\/span><span style=\"font-family: var( --e-global-typography-text-font-family ), Sans-serif; font-size: var( --e-global-typography-text-font-size );\">This serves to finance tourist facilities and infrastructure . All information and costs can be found on the municipality's&nbsp;<\/span><a style=\"font-family: var( --e-global-typography-text-font-family ), Sans-serif; font-size: var( --e-global-typography-text-font-size );\" title=\"Gemeinde Kalkhorst\" href=\"https:\/\/www.kalkhorst-ostsee.de\/tourismus\/kurabgabe\/?utm_source=chatgpt.com\" target=\"_blank\" rel=\"noopener\">information page.<\/a><span style=\"font-family: var( --e-global-typography-text-font-family ), Sans-serif; font-size: var( --e-global-typography-text-font-size );\">&nbsp;The visitor's tax is not included in the accommodation price and will be billed to you separately by our rental agency. You will then receive your digital visitor's cards by email.<\/span><\/p>\n<p>The house can be <a href=\"mailto:ciao@casamarebaltico.com?subject=Reservierungsanfrage%20f\u00fcr%20Casa%20Mare%20Baltico&amp;body=Hallo,%0D%0A%0D%0AHiermit w\u00fcrden wir das Casa Mare Baltico gerne f\u00fcr folgenden Zeitraum anfragen und buchen:%0D%0A%0D%0AZeitraum: Vom xx.xx.xx - bis xx.xx.xx%0D%0APersonen: X Personen%0D%0AHunde: Ja\/Nein%0D%0ABettw\u00e4sche: Ja\/Nein%0D%0AHandt\u00fccher: Ja\/Nein%0D%0A%0D%0AVorname\/Name:%0D%0AAdresse:%0D%0A%0D%0A\">requested and reserved through us.<\/a> We will be happy to add your desired dates to our house calendar, so that the house is reserved for you. Our local rental agency, <a title=\"BAIS\" href=\"https:\/\/www.urlaub-in-boltenhagen.de\" target=\"_blank\" rel=\"noopener\">Boltenhagener Appartement &amp; Immobilien Service GmbH<\/a>, will then contact you personally to discuss all further details.<\/p>\n<p>So that we can forward your reservation request in full, please provide us with the following information:<br>\u2013 Your desired dates<br>\u2013 Your full contact details<br>\u2013 The number of people (and pets, if applicable)<br>\u2013 Whether you require bed linen and towels<\/p>\n<p>Thank you very much. We look forward to receiving your mail.<\/p>\t\t\t\t\t\t\t\t<\/div>\n\t\t\t\t<\/div>\n\t\t\t\t\t<\/div>\n\t\t<\/div>\n\t\t\t\t\t<\/div>\n\t\t<\/section>\n\t\t\t\t<section class=\"elementor-section elementor-top-section elementor-element elementor-element-5e9f2cd elementor-section-boxed elementor-section-height-default elementor-section-height-default\" data-id=\"5e9f2cd\" data-element_type=\"section\" data-e-type=\"section\">\n\t\t\t\t\t\t<div class=\"elementor-container elementor-column-gap-default\">\n\t\t\t\t\t<div class=\"elementor-column elementor-col-100 elementor-top-column elementor-element elementor-element-aeac68c\" data-id=\"aeac68c\" data-element_type=\"column\" data-e-type=\"column\">\n\t\t\t<div class=\"elementor-widget-wrap elementor-element-populated\">\n\t\t\t\t\t\t<div class=\"elementor-element elementor-element-c004c29 elementor-widget elementor-widget-spacer\" data-id=\"c004c29\" data-element_type=\"widget\" data-e-type=\"widget\" data-widget_type=\"spacer.default\">\n\t\t\t\t<div class=\"elementor-widget-container\">\n\t\t\t\t\t\t\t<div class=\"elementor-spacer\">\n\t\t\t<div class=\"elementor-spacer-inner\"><\/div>\n\t\t<\/div>\n\t\t\t\t\t\t<\/div>\n\t\t\t\t<\/div>\n\t\t\t\t<div class=\"elementor-element elementor-element-b2e1c07 elementor-align-left elementor-widget elementor-widget-button\" data-id=\"b2e1c07\" data-element_type=\"widget\" data-e-type=\"widget\" data-widget_type=\"button.default\">\n\t\t\t\t<div class=\"elementor-widget-container\">\n\t\t\t\t\t\t\t\t\t<div class=\"elementor-button-wrapper\">\n\t\t\t\t\t<a class=\"elementor-button elementor-button-link elementor-size-sm\" href=\"mailto:ciao@casamarebaltico.com?subject=Reservierungsanfrage%20f\u00fcr%20Casa%20Mare%20Baltico&#038;body=Hallo,%0D%0A%0D%0AHiermit%20w\u00fcrden%20wir%20das%20Casa%20Mare%20Baltico%20gerne%20f\u00fcr%20folgenden%20Zeitraum%20anfragen%20und%20buchen:%0D%0A%0D%0AZeitraum:%20Vom%20xx.xx.xx%20-%20bis%20xx.xx.xx%0D%0APersonen:%20X%20Personen%0D%0AHunde:%20Ja\/Nein%0D%0ABettw\u00e4sche:%20Ja\/Nein%0D%0AHandt\u00fccher:%20Ja\/Nein%0D%0A%0D%0AVorname\/Name:%0D%0AAdresse:%0D%0A%0D%0A\">\n\t\t\t\t\t\t<span class=\"elementor-button-content-wrapper\">\n\t\t\t\t\t\t<span class=\"elementor-button-icon\">\n\t\t\t\t<i aria-hidden=\"true\" class=\"far fa-envelope\"><\/i>\t\t\t<\/span>\n\t\t\t\t\t\t\t\t\t<span class=\"elementor-button-text\">Booking request<\/span>\n\t\t\t\t\t<\/span>\n\t\t\t\t\t<\/a>\n\t\t\t\t<\/div>\n\t\t\t\t\t\t\t\t<\/div>\n\t\t\t\t<\/div>\n\t\t\t\t<div class=\"elementor-element elementor-element-ec5ae69 elementor-widget elementor-widget-spacer\" data-id=\"ec5ae69\" data-element_type=\"widget\" data-e-type=\"widget\" data-widget_type=\"spacer.default\">\n\t\t\t\t<div class=\"elementor-widget-container\">\n\t\t\t\t\t\t\t<div class=\"elementor-spacer\">\n\t\t\t<div class=\"elementor-spacer-inner\"><\/div>\n\t\t<\/div>\n\t\t\t\t\t\t<\/div>\n\t\t\t\t<\/div>\n\t\t\t\t\t<\/div>\n\t\t<\/div>\n\t\t\t\t\t<\/div>\n\t\t<\/section>\n\t\t\t\t<section class=\"elementor-section elementor-top-section elementor-element elementor-element-ffb87f7 elementor-section-boxed elementor-section-height-default elementor-section-height-default\" data-id=\"ffb87f7\" data-element_type=\"section\" data-e-type=\"section\">\n\t\t\t\t\t\t<div class=\"elementor-container elementor-column-gap-default\">\n\t\t\t\t\t<div class=\"elementor-column elementor-col-100 elementor-top-column elementor-element elementor-element-751fcbc\" data-id=\"751fcbc\" data-element_type=\"column\" data-e-type=\"column\">\n\t\t\t<div class=\"elementor-widget-wrap elementor-element-populated\">\n\t\t\t\t\t\t<div class=\"elementor-element elementor-element-3b2080f elementor-widget elementor-widget-heading\" data-id=\"3b2080f\" data-element_type=\"widget\" data-e-type=\"widget\" data-widget_type=\"heading.default\">\n\t\t\t\t<div class=\"elementor-widget-container\">\n\t\t\t\t\t<h2 class=\"elementor-heading-title elementor-size-default\">Booking calendar<\/h2>\t\t\t\t<\/div>\n\t\t\t\t<\/div>\n\t\t\t\t<div class=\"elementor-element elementor-element-94df928 elementor-widget elementor-widget-shortcode\" data-id=\"94df928\" data-element_type=\"widget\" data-e-type=\"widget\" data-widget_type=\"shortcode.default\">\n\t\t\t\t<div class=\"elementor-widget-container\">\n\t\t\t\t\t\t\t<div class=\"elementor-shortcode\"><div class=\"r34ics-ajax-container loading\" data-args=\"61a85c1f5e69129001f678bb5683c959b08db04e\" data-js-args=\"{&quot;debug&quot;:null}\" data-r34icsym=\"202605\" data-r34icsymd=\"20260516\" data-view-is-list-long=\"0\" data-view-is-list-style=\"0\" data-view=\"month\" id=\"r6a07b1bb43ec46f\">&nbsp;<\/div><\/div>\n\t\t\t\t\t\t<\/div>\n\t\t\t\t<\/div>\n\t\t\t\t\t<\/div>\n\t\t<\/div>\n\t\t\t\t\t<\/div>\n\t\t<\/section>\n\t\t\t\t<section class=\"elementor-section elementor-top-section elementor-element elementor-element-1a9a179 elementor-section-boxed elementor-section-height-default elementor-section-height-default\" data-id=\"1a9a179\" data-element_type=\"section\" data-e-type=\"section\">\n\t\t\t\t\t\t<div class=\"elementor-container elementor-column-gap-default\">\n\t\t\t\t\t<div class=\"elementor-column elementor-col-100 elementor-top-column elementor-element elementor-element-89143e9\" data-id=\"89143e9\" data-element_type=\"column\" data-e-type=\"column\">\n\t\t\t<div class=\"elementor-widget-wrap elementor-element-populated\">\n\t\t\t\t\t\t<div class=\"elementor-element elementor-element-3991799 elementor-widget elementor-widget-spacer\" data-id=\"3991799\" data-element_type=\"widget\" data-e-type=\"widget\" data-widget_type=\"spacer.default\">\n\t\t\t\t<div class=\"elementor-widget-container\">\n\t\t\t\t\t\t\t<div class=\"elementor-spacer\">\n\t\t\t<div class=\"elementor-spacer-inner\"><\/div>\n\t\t<\/div>\n\t\t\t\t\t\t<\/div>\n\t\t\t\t<\/div>\n\t\t\t\t\t<\/div>\n\t\t<\/div>\n\t\t\t\t\t<\/div>\n\t\t<\/section>\n\t\t\t\t<\/div>","protected":false},"excerpt":{"rendered":"<p>Preise &amp; Buchung Die Preise sind saisonal unterschiedlich: Vorsaison \u20ac125,-\/ Tag inkl. 4 Personen (06.01.-31.03.2025 und 01.11.-22.12.2025) Nebensaison \u20ac135,-\/ Tag inkl. 4 Personen (01.04.-15.05.2025 und 16.09.-31.10.2025) Hauptsaison \u20ac165,-\/ Tag inkl. 4 Personen (16.05.-15.09.2025 und 23.12.2025 &#8211; 04.01.2026) Jede weitere Person + 10,- Euro pro Tag. Hunde sind willkommen und werden mit 8,- Euro\/Tag berechnet. Die [&hellip;]<\/p>\n","protected":false},"author":1,"featured_media":0,"parent":0,"menu_order":0,"comment_status":"closed","ping_status":"closed","template":"","meta":{"footnotes":""},"class_list":["post-70","page","type-page","status-publish","hentry"],"_links":{"self":[{"href":"https:\/\/casamarebaltico.com\/en\/wp-json\/wp\/v2\/pages\/70","targetHints":{"allow":["GET"]}}],"collection":[{"href":"https:\/\/casamarebaltico.com\/en\/wp-json\/wp\/v2\/pages"}],"about":[{"href":"https:\/\/casamarebaltico.com\/en\/wp-json\/wp\/v2\/types\/page"}],"author":[{"embeddable":true,"href":"https:\/\/casamarebaltico.com\/en\/wp-json\/wp\/v2\/users\/1"}],"replies":[{"embeddable":true,"href":"https:\/\/casamarebaltico.com\/en\/wp-json\/wp\/v2\/comments?post=70"}],"version-history":[{"count":483,"href":"https:\/\/casamarebaltico.com\/en\/wp-json\/wp\/v2\/pages\/70\/revisions"}],"predecessor-version":[{"id":1370,"href":"https:\/\/casamarebaltico.com\/en\/wp-json\/wp\/v2\/pages\/70\/revisions\/1370"}],"wp:attachment":[{"href":"https:\/\/casamarebaltico.com\/en\/wp-json\/wp\/v2\/media?parent=70"}],"curies":[{"name":"wp","href":"https:\/\/api.w.org\/{rel}","templated":true}]}}