{"id":66,"date":"2022-02-06T13:09:39","date_gmt":"2022-02-06T13:09:39","guid":{"rendered":"http:\/\/casamarebaltico.com\/?page_id=66"},"modified":"2024-12-12T11:05:55","modified_gmt":"2024-12-12T10:05:55","slug":"home","status":"publish","type":"page","link":"https:\/\/casamarebaltico.com\/en\/","title":{"rendered":"Home"},"content":{"rendered":"<div data-elementor-type=\"wp-page\" data-elementor-id=\"66\" class=\"elementor elementor-66\" data-elementor-post-type=\"page\">\n\t\t\t\t\t\t<section class=\"elementor-section elementor-top-section elementor-element elementor-element-ffae772 elementor-section-boxed elementor-section-height-default elementor-section-height-default\" data-id=\"ffae772\" data-element_type=\"section\" data-e-type=\"section\">\n\t\t\t\t\t\t<div class=\"elementor-container elementor-column-gap-default\">\n\t\t\t\t\t<div class=\"elementor-column elementor-col-100 elementor-top-column elementor-element elementor-element-0a2cb71\" data-id=\"0a2cb71\" data-element_type=\"column\" data-e-type=\"column\">\n\t\t\t<div class=\"elementor-widget-wrap elementor-element-populated\">\n\t\t\t\t\t\t<div class=\"elementor-element elementor-element-d323f3c elementor-widget elementor-widget-image\" data-id=\"d323f3c\" data-element_type=\"widget\" data-e-type=\"widget\" data-widget_type=\"image.default\">\n\t\t\t\t<div class=\"elementor-widget-container\">\n\t\t\t\t\t\t\t\t\t\t\t\t\t\t\t\t<a href=\"http:\/\/casamarebaltico.com\/en\/gallery\/\">\n\t\t\t\t\t\t\t<img fetchpriority=\"high\" decoding=\"async\" width=\"1280\" height=\"960\" src=\"https:\/\/casamarebaltico.com\/wp-content\/uploads\/2024\/10\/1__Steilkueste.webp\" class=\"attachment-full size-full wp-image-658\" alt=\"K\u00fcste mit Blick auf das Meer und von B\u00e4umen ges\u00e4umt\" srcset=\"https:\/\/casamarebaltico.com\/wp-content\/uploads\/2024\/10\/1__Steilkueste.webp 1280w, https:\/\/casamarebaltico.com\/wp-content\/uploads\/2024\/10\/1__Steilkueste-300x225.webp 300w, https:\/\/casamarebaltico.com\/wp-content\/uploads\/2024\/10\/1__Steilkueste-1024x768.webp 1024w, https:\/\/casamarebaltico.com\/wp-content\/uploads\/2024\/10\/1__Steilkueste-768x576.webp 768w\" sizes=\"(max-width: 1280px) 100vw, 1280px\" \/>\t\t\t\t\t\t\t\t<\/a>\n\t\t\t\t\t\t\t\t\t\t\t\t\t\t\t<\/div>\n\t\t\t\t<\/div>\n\t\t\t\t\t<\/div>\n\t\t<\/div>\n\t\t\t\t\t<\/div>\n\t\t<\/section>\n\t\t\t\t<section class=\"elementor-section elementor-top-section elementor-element elementor-element-1a7baf6 elementor-section-boxed elementor-section-height-default elementor-section-height-default\" data-id=\"1a7baf6\" data-element_type=\"section\" data-e-type=\"section\">\n\t\t\t\t\t\t<div class=\"elementor-container elementor-column-gap-default\">\n\t\t\t\t\t<div class=\"elementor-column elementor-col-100 elementor-top-column elementor-element elementor-element-bc70181\" data-id=\"bc70181\" data-element_type=\"column\" data-e-type=\"column\">\n\t\t\t<div class=\"elementor-widget-wrap elementor-element-populated\">\n\t\t\t\t\t\t<div class=\"elementor-element elementor-element-888f504 elementor-widget elementor-widget-spacer\" data-id=\"888f504\" data-element_type=\"widget\" data-e-type=\"widget\" data-widget_type=\"spacer.default\">\n\t\t\t\t<div class=\"elementor-widget-container\">\n\t\t\t\t\t\t\t<div class=\"elementor-spacer\">\n\t\t\t<div class=\"elementor-spacer-inner\"><\/div>\n\t\t<\/div>\n\t\t\t\t\t\t<\/div>\n\t\t\t\t<\/div>\n\t\t\t\t\t<\/div>\n\t\t<\/div>\n\t\t\t\t\t<\/div>\n\t\t<\/section>\n\t\t\t\t<section class=\"elementor-section elementor-top-section elementor-element elementor-element-3fc6682 elementor-section-boxed elementor-section-height-default elementor-section-height-default\" data-id=\"3fc6682\" data-element_type=\"section\" data-e-type=\"section\">\n\t\t\t\t\t\t<div class=\"elementor-container elementor-column-gap-default\">\n\t\t\t\t\t<div class=\"elementor-column elementor-col-33 elementor-top-column elementor-element elementor-element-029115f\" data-id=\"029115f\" data-element_type=\"column\" data-e-type=\"column\">\n\t\t\t<div class=\"elementor-widget-wrap elementor-element-populated\">\n\t\t\t\t\t\t<div class=\"elementor-element elementor-element-71aacbf elementor-widget elementor-widget-heading\" data-id=\"71aacbf\" data-element_type=\"widget\" data-e-type=\"widget\" data-widget_type=\"heading.default\">\n\t\t\t\t<div class=\"elementor-widget-container\">\n\t\t\t\t\t<h2 class=\"elementor-heading-title elementor-size-default\">Welcome to Casa Mare Baltico<\/h2>\t\t\t\t<\/div>\n\t\t\t\t<\/div>\n\t\t\t\t<div class=\"elementor-element elementor-element-94a81d2 elementor-widget-tablet__width-initial elementor-widget elementor-widget-text-editor\" data-id=\"94a81d2\" data-element_type=\"widget\" data-e-type=\"widget\" data-widget_type=\"text-editor.default\">\n\t\t\t\t<div class=\"elementor-widget-container\">\n\t\t\t\t\t\t\t\t\t<p class=\"translation-block\">Our vacation home is located directly on the Baltic Sea in the middle of untouched nature.\nWe wanted to create a place of community and encounter for our guests.<\/p><p>The kitchen and the living room are connected to each other and the large doors to the garden offer the opportunity to always be in contact with each other. The house is furnished with great attention to detail. From souvenirs from faraway countries to carfully selected furniture, it invites you to try things out and serves as a source of inspiration. Our wish is to give you a relaxing time and perhaps create some unforgettable moments.<\/p><p>Our house magazine with lots of ideas and insights in and around the house is ready for you.<\/p><p>Various tips in the area and background information on some of our furnishings will hopefully enrich your stay.<\/p><p>We would be delighted to welcome you here!<\/p><p>Ann-Katrin &amp; Gerrit<\/p>\t\t\t\t\t\t\t\t<\/div>\n\t\t\t\t<\/div>\n\t\t\t\t\t<\/div>\n\t\t<\/div>\n\t\t\t\t<div class=\"elementor-column elementor-col-66 elementor-top-column elementor-element elementor-element-242592b\" data-id=\"242592b\" data-element_type=\"column\" data-e-type=\"column\">\n\t\t\t<div class=\"elementor-widget-wrap\">\n\t\t\t\t\t\t\t<\/div>\n\t\t<\/div>\n\t\t\t\t\t<\/div>\n\t\t<\/section>\n\t\t\t\t<section class=\"elementor-section elementor-top-section elementor-element elementor-element-41a8c1c elementor-section-boxed elementor-section-height-default elementor-section-height-default\" data-id=\"41a8c1c\" data-element_type=\"section\" data-e-type=\"section\">\n\t\t\t\t\t\t<div class=\"elementor-container elementor-column-gap-default\">\n\t\t\t\t\t<div class=\"elementor-column elementor-col-100 elementor-top-column elementor-element elementor-element-3144694\" data-id=\"3144694\" data-element_type=\"column\" data-e-type=\"column\">\n\t\t\t<div class=\"elementor-widget-wrap elementor-element-populated\">\n\t\t\t\t\t\t<div class=\"elementor-element elementor-element-31c61aa elementor-widget elementor-widget-spacer\" data-id=\"31c61aa\" data-element_type=\"widget\" data-e-type=\"widget\" data-widget_type=\"spacer.default\">\n\t\t\t\t<div class=\"elementor-widget-container\">\n\t\t\t\t\t\t\t<div class=\"elementor-spacer\">\n\t\t\t<div class=\"elementor-spacer-inner\"><\/div>\n\t\t<\/div>\n\t\t\t\t\t\t<\/div>\n\t\t\t\t<\/div>\n\t\t\t\t\t<\/div>\n\t\t<\/div>\n\t\t\t\t\t<\/div>\n\t\t<\/section>\n\t\t\t\t<\/div>","protected":false},"excerpt":{"rendered":"<p>Willkommen im Casa Mare Baltico Unser Ferienhaus befindet sich direkt an der Ostsee inmitten unber\u00fchrter Natur.\u00a0Es ging uns darum einen Ort der Gemeinschaft und Begegnung f\u00fcr unsere G\u00e4ste zu schaffen. Die K\u00fcche und der Wohnraum sind miteinander verbunden und auch die grossen T\u00fcren zum Garten bieten die M\u00f6glichkeit sich immer im Austausch untereinander zu befinden. [&hellip;]<\/p>\n","protected":false},"author":1,"featured_media":0,"parent":0,"menu_order":0,"comment_status":"closed","ping_status":"closed","template":"","meta":{"footnotes":""},"class_list":["post-66","page","type-page","status-publish","hentry"],"_links":{"self":[{"href":"https:\/\/casamarebaltico.com\/en\/wp-json\/wp\/v2\/pages\/66","targetHints":{"allow":["GET"]}}],"collection":[{"href":"https:\/\/casamarebaltico.com\/en\/wp-json\/wp\/v2\/pages"}],"about":[{"href":"https:\/\/casamarebaltico.com\/en\/wp-json\/wp\/v2\/types\/page"}],"author":[{"embeddable":true,"href":"https:\/\/casamarebaltico.com\/en\/wp-json\/wp\/v2\/users\/1"}],"replies":[{"embeddable":true,"href":"https:\/\/casamarebaltico.com\/en\/wp-json\/wp\/v2\/comments?post=66"}],"version-history":[{"count":151,"href":"https:\/\/casamarebaltico.com\/en\/wp-json\/wp\/v2\/pages\/66\/revisions"}],"predecessor-version":[{"id":1031,"href":"https:\/\/casamarebaltico.com\/en\/wp-json\/wp\/v2\/pages\/66\/revisions\/1031"}],"wp:attachment":[{"href":"https:\/\/casamarebaltico.com\/en\/wp-json\/wp\/v2\/media?parent=66"}],"curies":[{"name":"wp","href":"https:\/\/api.w.org\/{rel}","templated":true}]}}