{"id":255,"date":"2022-02-06T17:13:40","date_gmt":"2022-02-06T17:13:40","guid":{"rendered":"http:\/\/casamarebaltico.com\/?page_id=255"},"modified":"2024-11-02T16:17:28","modified_gmt":"2024-11-02T16:17:28","slug":"impressum","status":"publish","type":"page","link":"https:\/\/casamarebaltico.com\/en\/impressum\/","title":{"rendered":"Impressung"},"content":{"rendered":"<div data-elementor-type=\"wp-page\" data-elementor-id=\"255\" class=\"elementor elementor-255\" data-elementor-post-type=\"page\">\n\t\t\t\t\t\t<section class=\"elementor-section elementor-top-section elementor-element elementor-element-b76fcc8 elementor-section-boxed elementor-section-height-default elementor-section-height-default\" data-id=\"b76fcc8\" data-element_type=\"section\" data-e-type=\"section\">\n\t\t\t\t\t\t<div class=\"elementor-container elementor-column-gap-default\">\n\t\t\t\t\t<div class=\"elementor-column elementor-col-100 elementor-top-column elementor-element elementor-element-ae68aa5\" data-id=\"ae68aa5\" data-element_type=\"column\" data-e-type=\"column\">\n\t\t\t<div class=\"elementor-widget-wrap elementor-element-populated\">\n\t\t\t\t\t\t<div class=\"elementor-element elementor-element-71016b2 elementor-widget elementor-widget-spacer\" data-id=\"71016b2\" data-element_type=\"widget\" data-e-type=\"widget\" data-widget_type=\"spacer.default\">\n\t\t\t\t<div class=\"elementor-widget-container\">\n\t\t\t\t\t\t\t<div class=\"elementor-spacer\">\n\t\t\t<div class=\"elementor-spacer-inner\"><\/div>\n\t\t<\/div>\n\t\t\t\t\t\t<\/div>\n\t\t\t\t<\/div>\n\t\t\t\t\t<\/div>\n\t\t<\/div>\n\t\t\t\t\t<\/div>\n\t\t<\/section>\n\t\t\t\t<section class=\"elementor-section elementor-top-section elementor-element elementor-element-ac0fc2b elementor-section-boxed elementor-section-height-default elementor-section-height-default\" data-id=\"ac0fc2b\" data-element_type=\"section\" data-e-type=\"section\">\n\t\t\t\t\t\t<div class=\"elementor-container elementor-column-gap-default\">\n\t\t\t\t\t<div class=\"elementor-column elementor-col-100 elementor-top-column elementor-element elementor-element-89c7aa5\" data-id=\"89c7aa5\" data-element_type=\"column\" data-e-type=\"column\">\n\t\t\t<div class=\"elementor-widget-wrap elementor-element-populated\">\n\t\t\t\t\t\t<div class=\"elementor-element elementor-element-aa0b5c3 elementor-widget elementor-widget-text-editor\" data-id=\"aa0b5c3\" data-element_type=\"widget\" data-e-type=\"widget\" data-widget_type=\"text-editor.default\">\n\t\t\t\t<div class=\"elementor-widget-container\">\n\t\t\t\t\t\t\t\t\t<p><strong>Responsible for the content of this website according to \u00a7 55 Abs. 2 RStV:<\/strong><\/p><p>Casa Mare Baltico<br \/>Gerrit Kuhn<br \/>Gilbertstrasse 25<br \/>22769 Hamburg<\/p><p>Email: <a href=\"mailto:ciao@casamarebaltico.com\">ciao@casamarebaltico.com<\/a><\/p><p><a href=\"http:\/\/casamarebaltico.com\/en\/\">www.casamarebaltico.com<\/a><\/p><p class=\"translation-block\">VAT identification number\naccording to \u00a7 27a UStG: DE 342279511<\/p><p><strong>Disclaimer of liability<\/strong><\/p><p>Liability for content<br \/>As a service provider, we are responsible for our own content on these pages in accordance with Section 7 (1) TMG (German Telemedia Act) and general legislation. According to \u00a7\u00a7 8 to 10 TMG, however, we as a service provider are not obliged to monitor transmitted or stored third-party information or to investigate circumstances that indicate illegal activity.<br \/>Obligations to remove or block the use of information in accordance with general legislation remain unaffected by this. However, liability in this respect is only possible from the time of knowledge of a specific infringement. As soon as we become aware of such infringements, we will remove this content immediately.<\/p><p>Liability for links<br \/>Our website contains links to external third-party websites over whose content we have no influence. Therefore, we cannot accept any liability for this third-party content. The respective provider or operator of the pages is always responsible for the content of the linked pages. The linked pages were checked for possible legal violations at the time of linking. Illegal content was not recognizable at the time of linking.<br \/>However, permanent monitoring of the content of the linked pages is not reasonable without concrete evidence of an infringement. If we become aware of any legal infringements, we will remove such links immediately.<\/p><p>Copyright<br \/>The content and works created by the site operators on these pages are subject to German copyright law. Duplication, processing, distribution and any form of commercialization of such material beyond the scope of the copyright law shall require the prior written consent of its respective author or creator. Downloads and copies of this site are only permitted for private, non-commercial use.<br \/>Insofar as the content on this site was not created by the operator, the copyrights of third parties are respected. In particular, third-party content is identified as such. Should you nevertheless become aware of a copyright infringement, please inform us accordingly. If we become aware of any infringements, we will remove such content immediatel.<\/p><p><strong>Photography<\/strong> Alexandra Klever, private<\/p>\t\t\t\t\t\t\t\t<\/div>\n\t\t\t\t<\/div>\n\t\t\t\t\t<\/div>\n\t\t<\/div>\n\t\t\t\t\t<\/div>\n\t\t<\/section>\n\t\t\t\t<section class=\"elementor-section elementor-top-section elementor-element elementor-element-2a27164 elementor-section-boxed elementor-section-height-default elementor-section-height-default\" data-id=\"2a27164\" data-element_type=\"section\" data-e-type=\"section\">\n\t\t\t\t\t\t<div class=\"elementor-container elementor-column-gap-default\">\n\t\t\t\t\t<div class=\"elementor-column elementor-col-100 elementor-top-column elementor-element elementor-element-74b09a9\" data-id=\"74b09a9\" data-element_type=\"column\" data-e-type=\"column\">\n\t\t\t<div class=\"elementor-widget-wrap elementor-element-populated\">\n\t\t\t\t\t\t<div class=\"elementor-element elementor-element-a900863 elementor-widget elementor-widget-image\" data-id=\"a900863\" data-element_type=\"widget\" data-e-type=\"widget\" data-widget_type=\"image.default\">\n\t\t\t\t<div class=\"elementor-widget-container\">\n\t\t\t\t\t\t\t\t\t\t\t\t\t\t\t<img fetchpriority=\"high\" decoding=\"async\" width=\"1280\" height=\"1277\" src=\"https:\/\/casamarebaltico.com\/wp-content\/uploads\/2024\/10\/1_Imprint.webp\" class=\"attachment-full size-full wp-image-660\" alt=\"Steilk\u00fcste mit Blick aufs Meer\" srcset=\"https:\/\/casamarebaltico.com\/wp-content\/uploads\/2024\/10\/1_Imprint.webp 1280w, https:\/\/casamarebaltico.com\/wp-content\/uploads\/2024\/10\/1_Imprint-300x300.webp 300w, https:\/\/casamarebaltico.com\/wp-content\/uploads\/2024\/10\/1_Imprint-1024x1022.webp 1024w, https:\/\/casamarebaltico.com\/wp-content\/uploads\/2024\/10\/1_Imprint-150x150.webp 150w, https:\/\/casamarebaltico.com\/wp-content\/uploads\/2024\/10\/1_Imprint-768x766.webp 768w\" sizes=\"(max-width: 1280px) 100vw, 1280px\" \/>\t\t\t\t\t\t\t\t\t\t\t\t\t\t\t<\/div>\n\t\t\t\t<\/div>\n\t\t\t\t\t<\/div>\n\t\t<\/div>\n\t\t\t\t\t<\/div>\n\t\t<\/section>\n\t\t\t\t<section class=\"elementor-section elementor-top-section elementor-element elementor-element-7518cd7 elementor-section-boxed elementor-section-height-default elementor-section-height-default\" data-id=\"7518cd7\" data-element_type=\"section\" data-e-type=\"section\">\n\t\t\t\t\t\t<div class=\"elementor-container elementor-column-gap-default\">\n\t\t\t\t\t<div class=\"elementor-column elementor-col-100 elementor-top-column elementor-element elementor-element-f5b17a6\" data-id=\"f5b17a6\" data-element_type=\"column\" data-e-type=\"column\">\n\t\t\t<div class=\"elementor-widget-wrap elementor-element-populated\">\n\t\t\t\t\t\t<div class=\"elementor-element elementor-element-1a4963b elementor-widget elementor-widget-spacer\" data-id=\"1a4963b\" data-element_type=\"widget\" data-e-type=\"widget\" data-widget_type=\"spacer.default\">\n\t\t\t\t<div class=\"elementor-widget-container\">\n\t\t\t\t\t\t\t<div class=\"elementor-spacer\">\n\t\t\t<div class=\"elementor-spacer-inner\"><\/div>\n\t\t<\/div>\n\t\t\t\t\t\t<\/div>\n\t\t\t\t<\/div>\n\t\t\t\t\t<\/div>\n\t\t<\/div>\n\t\t\t\t\t<\/div>\n\t\t<\/section>\n\t\t\t\t<\/div>","protected":false},"excerpt":{"rendered":"<p>Verantwortlich f\u00fcr den Inhalt dieser Website nach \u00a7 55 Abs. 2 RStV: Casa Mare BalticoGerrit KuhnGilbertstrasse 2522769 Hamburg Email: ciao@casamarebaltico.com www.casamarebaltico.com Umsatzsteuer-Identifikationsnummergem\u00e4\u00df \u00a7 27a UStG: DE 342279511 Haftungsausschluss Haftung f\u00fcr InhalteAls Diensteanbieter sind wir gem\u00e4\u00df \u00a7 7 Abs.1 TMG f\u00fcr eigene Inhalte auf diesen Seiten nach den allgemeinen Gesetzen verantwortlich. Nach \u00a7\u00a7 8 bis 10 [&hellip;]<\/p>\n","protected":false},"author":1,"featured_media":0,"parent":0,"menu_order":0,"comment_status":"closed","ping_status":"closed","template":"","meta":{"footnotes":""},"class_list":["post-255","page","type-page","status-publish","hentry"],"_links":{"self":[{"href":"https:\/\/casamarebaltico.com\/en\/wp-json\/wp\/v2\/pages\/255","targetHints":{"allow":["GET"]}}],"collection":[{"href":"https:\/\/casamarebaltico.com\/en\/wp-json\/wp\/v2\/pages"}],"about":[{"href":"https:\/\/casamarebaltico.com\/en\/wp-json\/wp\/v2\/types\/page"}],"author":[{"embeddable":true,"href":"https:\/\/casamarebaltico.com\/en\/wp-json\/wp\/v2\/users\/1"}],"replies":[{"embeddable":true,"href":"https:\/\/casamarebaltico.com\/en\/wp-json\/wp\/v2\/comments?post=255"}],"version-history":[{"count":65,"href":"https:\/\/casamarebaltico.com\/en\/wp-json\/wp\/v2\/pages\/255\/revisions"}],"predecessor-version":[{"id":1024,"href":"https:\/\/casamarebaltico.com\/en\/wp-json\/wp\/v2\/pages\/255\/revisions\/1024"}],"wp:attachment":[{"href":"https:\/\/casamarebaltico.com\/en\/wp-json\/wp\/v2\/media?parent=255"}],"curies":[{"name":"wp","href":"https:\/\/api.w.org\/{rel}","templated":true}]}}