{"id":1025,"date":"2024-11-02T16:20:44","date_gmt":"2024-11-02T16:20:44","guid":{"rendered":"https:\/\/casamarebaltico.com\/?page_id=1025"},"modified":"2026-02-16T19:13:56","modified_gmt":"2026-02-16T18:13:56","slug":"umgebung","status":"publish","type":"page","link":"https:\/\/casamarebaltico.com\/en\/umgebung\/","title":{"rendered":"Surrounding"},"content":{"rendered":"<div data-elementor-type=\"wp-page\" data-elementor-id=\"1025\" class=\"elementor elementor-1025\" data-elementor-post-type=\"page\">\n\t\t\t\t\t\t<section class=\"elementor-section elementor-top-section elementor-element elementor-element-204f531 elementor-section-boxed elementor-section-height-default elementor-section-height-default\" data-id=\"204f531\" data-element_type=\"section\" data-e-type=\"section\">\n\t\t\t\t\t\t<div class=\"elementor-container elementor-column-gap-default\">\n\t\t\t\t\t<div class=\"elementor-column elementor-col-100 elementor-top-column elementor-element elementor-element-cc373d0\" data-id=\"cc373d0\" data-element_type=\"column\" data-e-type=\"column\">\n\t\t\t<div class=\"elementor-widget-wrap elementor-element-populated\">\n\t\t\t\t\t\t<div class=\"elementor-element elementor-element-9524128 elementor-widget elementor-widget-image\" data-id=\"9524128\" data-element_type=\"widget\" data-e-type=\"widget\" data-widget_type=\"image.default\">\n\t\t\t\t<div class=\"elementor-widget-container\">\n\t\t\t\t\t\t\t\t\t\t\t\t\t\t\t<img fetchpriority=\"high\" decoding=\"async\" width=\"1280\" height=\"1043\" src=\"https:\/\/casamarebaltico.com\/wp-content\/uploads\/2024\/10\/1_Umgebung-1.webp\" class=\"attachment-full size-full wp-image-756\" alt=\"Sonnenbelichteter Wald mit einem kleinen Weg\" srcset=\"https:\/\/casamarebaltico.com\/wp-content\/uploads\/2024\/10\/1_Umgebung-1.webp 1280w, https:\/\/casamarebaltico.com\/wp-content\/uploads\/2024\/10\/1_Umgebung-1-300x244.webp 300w, https:\/\/casamarebaltico.com\/wp-content\/uploads\/2024\/10\/1_Umgebung-1-1024x834.webp 1024w, https:\/\/casamarebaltico.com\/wp-content\/uploads\/2024\/10\/1_Umgebung-1-768x626.webp 768w\" sizes=\"(max-width: 1280px) 100vw, 1280px\" \/>\t\t\t\t\t\t\t\t\t\t\t\t\t\t\t<\/div>\n\t\t\t\t<\/div>\n\t\t\t\t\t<\/div>\n\t\t<\/div>\n\t\t\t\t\t<\/div>\n\t\t<\/section>\n\t\t\t\t<section class=\"elementor-section elementor-top-section elementor-element elementor-element-f085ddd elementor-section-boxed elementor-section-height-default elementor-section-height-default\" data-id=\"f085ddd\" data-element_type=\"section\" data-e-type=\"section\">\n\t\t\t\t\t\t<div class=\"elementor-container elementor-column-gap-default\">\n\t\t\t\t\t<div class=\"elementor-column elementor-col-100 elementor-top-column elementor-element elementor-element-2ea5266\" data-id=\"2ea5266\" data-element_type=\"column\" data-e-type=\"column\">\n\t\t\t<div class=\"elementor-widget-wrap elementor-element-populated\">\n\t\t\t\t\t\t<div class=\"elementor-element elementor-element-986c901 elementor-widget elementor-widget-spacer\" data-id=\"986c901\" data-element_type=\"widget\" data-e-type=\"widget\" data-widget_type=\"spacer.default\">\n\t\t\t\t<div class=\"elementor-widget-container\">\n\t\t\t\t\t\t\t<div class=\"elementor-spacer\">\n\t\t\t<div class=\"elementor-spacer-inner\"><\/div>\n\t\t<\/div>\n\t\t\t\t\t\t<\/div>\n\t\t\t\t<\/div>\n\t\t\t\t\t<\/div>\n\t\t<\/div>\n\t\t\t\t\t<\/div>\n\t\t<\/section>\n\t\t\t\t<section class=\"elementor-section elementor-top-section elementor-element elementor-element-ca817e5 elementor-section-boxed elementor-section-height-default elementor-section-height-default\" data-id=\"ca817e5\" data-element_type=\"section\" data-e-type=\"section\">\n\t\t\t\t\t\t<div class=\"elementor-container elementor-column-gap-default\">\n\t\t\t\t\t<div class=\"elementor-column elementor-col-100 elementor-top-column elementor-element elementor-element-24996a4\" data-id=\"24996a4\" data-element_type=\"column\" data-e-type=\"column\">\n\t\t\t<div class=\"elementor-widget-wrap elementor-element-populated\">\n\t\t\t\t\t\t<div class=\"elementor-element elementor-element-f08d01a elementor-widget elementor-widget-heading\" data-id=\"f08d01a\" data-element_type=\"widget\" data-e-type=\"widget\" data-widget_type=\"heading.default\">\n\t\t\t\t<div class=\"elementor-widget-container\">\n\t\t\t\t\t<h2 class=\"elementor-heading-title elementor-size-default\">Surrounding<\/h2>\t\t\t\t<\/div>\n\t\t\t\t<\/div>\n\t\t\t\t<div class=\"elementor-element elementor-element-b04e6cb elementor-widget elementor-widget-text-editor\" data-id=\"b04e6cb\" data-element_type=\"widget\" data-e-type=\"widget\" data-widget_type=\"text-editor.default\">\n\t\t\t\t<div class=\"elementor-widget-container\">\n\t\t\t\t\t\t\t\t\t<p>Our garden invites you to enjoy it at any season-\nyou are also welcome to harvest the fruit from the trees and bushes during your stay.<\/p>\n<p><span style=\"font-family: var( --e-global-typography-text-font-family ), Sans-serif; font-size: var( --e-global-typography-text-font-size );\">The Kl\u00fctzer Winkel nature reserve offers many opportunities for sporting activities such as hiking, cycling and of course swimming. Beautiful restaurants, organic farms and small wellness oases can be found in the immediate vicinity. We have listed a few of our favorite places. Our house newspaper will tell you even more about us and the surrounding area when you arrive.<\/span><\/p>\n<p><span style=\"font-family: var( --e-global-typography-text-font-family ), Sans-serif; font-size: var( --e-global-typography-text-font-size );\">&nbsp;<\/span><\/p>\n<p><a style=\"font-family: var( --e-global-typography-text-font-family ), Sans-serif; font-size: var( --e-global-typography-text-font-size );\" href=\"https:\/\/www.schwansee.de\/hotel.html\" target=\"_blank\" rel=\"noopener\">Schloss Gut Schwansee<\/a><\/p>\n<p>Located in our immediate neighbourhood is Gross Schwansee Castle.<br>The hotel offers day guests the opportunity to visit the spa with sauna and natural swimming pond.<\/p><p><br><\/p>\n<p><a href=\"https:\/\/www.schlosskalkhorst.com\/\" target=\"_blank\" rel=\"noopener\">Schloss Kalkhorst<\/a><\/p>\n<p>In the castle grounds, you can view artworks from the current artist residencies and the remarkable arboretum.<br>There are no fixed opening hours \u2013 guests are welcome whenever the gate is open.<\/p><p><br><\/p>\n<p><a style=\"font-family: var( --e-global-typography-text-font-family ), Sans-serif; font-size: var( --e-global-typography-text-font-size );\" href=\"https:\/\/www.schlosskalkhorst.com\/\" target=\"_blank\" rel=\"noopener\">Hotel Gutshaus Stellshagen<\/a><\/p>\n<p>The hotel offers a wide variety of Ayurvedic treatments for day guests.<\/p><p><br><\/p>\n<p><a href=\"https:\/\/www.hofhoherschoenberg.de\/\" target=\"_blank\" rel=\"noopener\">Hof Hoher Sch\u00f6nberg<\/a><\/p>\n<p>Organic farm with its own farm shop and caf\u00e9. Delicious organic bread from the bakery at M\u00fchlenb\u00e4ckerei in Schwerin.<\/p><p><br><\/p>\n<p><a href=\"https:\/\/steinbecker-hofladen.jimdofree.com\/\" target=\"_blank\" rel=\"noopener\">Steinbecker Hofladen<\/a><\/p>\n<p>Regional products and homemade cakes make the shop a popular destination.<\/p><p><br><\/p>\n<p><a href=\"https:\/\/www.alte-molkerei-kl\u00fctz.de\/\" target=\"_blank\" rel=\"noopener\">Alte Molkerei Kl\u00fctz<\/a><\/p>\n<p>If you are looking for a special souvenir, you will always find it here<\/p><p><br><\/p>\n<p><a href=\"https:\/\/literaturhaus-uwe-johnson.de\/\" target=\"_blank\" rel=\"noopener\">Literaturhaus Uwe Johnson<\/a><\/p>\n<p>A place for literature and Mecklenburg history.<\/p><p><br><\/p>\n<p><a href=\"https:\/\/staudeng\u00e4rtnerei-kl\u00fctz.de\/\" target=\"_blank\" rel=\"noopener\">Staudeng\u00e4rtnerei in Kl\u00fctz<\/a><\/p>\n<p>Inspiration for gardens and balconies \u2013 natural, timeless, grown with love.<\/p><p><br><\/p>\n<p><a href=\"https:\/\/www.mv-schloesser.de\/de\/location\/schloss-bothmer\" target=\"_blank\" rel=\"noopener\">Schloss Bothmer<\/a><\/p>\n<p>The castle was built in the English style and, with its park, often provides the backdrop for classical concerts.<\/p>\t\t\t\t\t\t\t\t<\/div>\n\t\t\t\t<\/div>\n\t\t\t\t\t<\/div>\n\t\t<\/div>\n\t\t\t\t\t<\/div>\n\t\t<\/section>\n\t\t\t\t<section class=\"elementor-section elementor-top-section elementor-element elementor-element-3308dad elementor-section-boxed elementor-section-height-default elementor-section-height-default\" data-id=\"3308dad\" data-element_type=\"section\" data-e-type=\"section\">\n\t\t\t\t\t\t<div class=\"elementor-container elementor-column-gap-default\">\n\t\t\t\t\t<div class=\"elementor-column elementor-col-100 elementor-top-column elementor-element elementor-element-62d18f4\" data-id=\"62d18f4\" data-element_type=\"column\" data-e-type=\"column\">\n\t\t\t<div class=\"elementor-widget-wrap elementor-element-populated\">\n\t\t\t\t\t\t<div class=\"elementor-element elementor-element-92de34a elementor-widget elementor-widget-spacer\" data-id=\"92de34a\" data-element_type=\"widget\" data-e-type=\"widget\" data-widget_type=\"spacer.default\">\n\t\t\t\t<div class=\"elementor-widget-container\">\n\t\t\t\t\t\t\t<div class=\"elementor-spacer\">\n\t\t\t<div class=\"elementor-spacer-inner\"><\/div>\n\t\t<\/div>\n\t\t\t\t\t\t<\/div>\n\t\t\t\t<\/div>\n\t\t\t\t\t<\/div>\n\t\t<\/div>\n\t\t\t\t\t<\/div>\n\t\t<\/section>\n\t\t\t\t<section class=\"elementor-section elementor-top-section elementor-element elementor-element-446e468 elementor-section-boxed elementor-section-height-default elementor-section-height-default\" data-id=\"446e468\" data-element_type=\"section\" data-e-type=\"section\">\n\t\t\t\t\t\t<div class=\"elementor-container elementor-column-gap-default\">\n\t\t\t\t\t<div class=\"elementor-column elementor-col-100 elementor-top-column elementor-element elementor-element-fa8ea37\" data-id=\"fa8ea37\" data-element_type=\"column\" data-e-type=\"column\">\n\t\t\t<div class=\"elementor-widget-wrap elementor-element-populated\">\n\t\t\t\t\t\t<div class=\"elementor-element elementor-element-0f33be7 elementor-widget__width-inherit elementor-widget elementor-widget-gallery\" data-id=\"0f33be7\" data-element_type=\"widget\" data-e-type=\"widget\" data-settings=\"{&quot;gallery_layout&quot;:&quot;justified&quot;,&quot;gap&quot;:{&quot;unit&quot;:&quot;px&quot;,&quot;size&quot;:5,&quot;sizes&quot;:[]},&quot;ideal_row_height&quot;:{&quot;unit&quot;:&quot;px&quot;,&quot;size&quot;:396,&quot;sizes&quot;:[]},&quot;ideal_row_height_tablet&quot;:{&quot;unit&quot;:&quot;px&quot;,&quot;size&quot;:290,&quot;sizes&quot;:[]},&quot;lazyload&quot;:&quot;yes&quot;,&quot;ideal_row_height_mobile&quot;:{&quot;unit&quot;:&quot;px&quot;,&quot;size&quot;:150,&quot;sizes&quot;:[]},&quot;gap_tablet&quot;:{&quot;unit&quot;:&quot;px&quot;,&quot;size&quot;:10,&quot;sizes&quot;:[]},&quot;gap_mobile&quot;:{&quot;unit&quot;:&quot;px&quot;,&quot;size&quot;:10,&quot;sizes&quot;:[]},&quot;link_to&quot;:&quot;file&quot;,&quot;overlay_background&quot;:&quot;yes&quot;,&quot;content_hover_animation&quot;:&quot;fade-in&quot;}\" data-widget_type=\"gallery.default\">\n\t\t\t\t<div class=\"elementor-widget-container\">\n\t\t\t\t\t\t\t<div class=\"elementor-gallery__container\">\n\t\t\t\t\t\t\t<a class=\"e-gallery-item elementor-gallery-item elementor-animated-content\" href=\"https:\/\/casamarebaltico.com\/wp-content\/uploads\/2024\/10\/2_Umgebung.webp\" data-elementor-open-lightbox=\"yes\" data-elementor-lightbox-slideshow=\"0f33be7\" data-e-action-hash=\"#elementor-action%3Aaction%3Dlightbox%26settings%3DeyJpZCI6NjYzLCJ1cmwiOiJodHRwczpcL1wvY2FzYW1hcmViYWx0aWNvLmNvbVwvd3AtY29udGVudFwvdXBsb2Fkc1wvMjAyNFwvMTBcLzJfVW1nZWJ1bmcud2VicCIsInNsaWRlc2hvdyI6IjBmMzNiZTcifQ%3D%3D\">\n\t\t\t\t\t<div class=\"e-gallery-image elementor-gallery-item__image\" data-thumbnail=\"https:\/\/casamarebaltico.com\/wp-content\/uploads\/2024\/10\/2_Umgebung.webp\" data-width=\"1440\" data-height=\"1920\" aria-label=\"Blick auf ein gro\u00dfes Haus hinter einem Gartenzaun mit bl\u00fchenden Blumen\" role=\"img\" ><\/div>\n\t\t\t\t\t\t\t\t\t\t\t<div class=\"elementor-gallery-item__overlay\"><\/div>\n\t\t\t\t\t\t\t\t\t\t\t\t\t\t<\/a>\n\t\t\t\t\t\t\t<a class=\"e-gallery-item elementor-gallery-item elementor-animated-content\" href=\"https:\/\/casamarebaltico.com\/wp-content\/uploads\/2024\/10\/3_Umgebung.webp\" data-elementor-open-lightbox=\"yes\" data-elementor-lightbox-slideshow=\"0f33be7\" data-e-action-hash=\"#elementor-action%3Aaction%3Dlightbox%26settings%3DeyJpZCI6NjY0LCJ1cmwiOiJodHRwczpcL1wvY2FzYW1hcmViYWx0aWNvLmNvbVwvd3AtY29udGVudFwvdXBsb2Fkc1wvMjAyNFwvMTBcLzNfVW1nZWJ1bmcud2VicCIsInNsaWRlc2hvdyI6IjBmMzNiZTcifQ%3D%3D\">\n\t\t\t\t\t<div class=\"e-gallery-image elementor-gallery-item__image\" data-thumbnail=\"https:\/\/casamarebaltico.com\/wp-content\/uploads\/2024\/10\/3_Umgebung.webp\" data-width=\"1440\" data-height=\"1920\" aria-label=\"Seestern zwischen Steinen\" role=\"img\" ><\/div>\n\t\t\t\t\t\t\t\t\t\t\t<div class=\"elementor-gallery-item__overlay\"><\/div>\n\t\t\t\t\t\t\t\t\t\t\t\t\t\t<\/a>\n\t\t\t\t\t\t\t<a class=\"e-gallery-item elementor-gallery-item elementor-animated-content\" href=\"https:\/\/casamarebaltico.com\/wp-content\/uploads\/2024\/10\/4_Umgebung-scaled.webp\" data-elementor-open-lightbox=\"yes\" data-elementor-lightbox-slideshow=\"0f33be7\" data-e-action-hash=\"#elementor-action%3Aaction%3Dlightbox%26settings%3DeyJpZCI6NjY1LCJ1cmwiOiJodHRwczpcL1wvY2FzYW1hcmViYWx0aWNvLmNvbVwvd3AtY29udGVudFwvdXBsb2Fkc1wvMjAyNFwvMTBcLzRfVW1nZWJ1bmctc2NhbGVkLndlYnAiLCJzbGlkZXNob3ciOiIwZjMzYmU3In0%3D\">\n\t\t\t\t\t<div class=\"e-gallery-image elementor-gallery-item__image\" data-thumbnail=\"https:\/\/casamarebaltico.com\/wp-content\/uploads\/2024\/10\/4_Umgebung-1536x2048.webp\" data-width=\"1440\" data-height=\"1920\" aria-label=\"Bl\u00fchender Garten mit Blick aufs obere Stockwerk des Hauses\" role=\"img\" ><\/div>\n\t\t\t\t\t\t\t\t\t\t\t<div class=\"elementor-gallery-item__overlay\"><\/div>\n\t\t\t\t\t\t\t\t\t\t\t\t\t\t<\/a>\n\t\t\t\t\t\t\t<a class=\"e-gallery-item elementor-gallery-item elementor-animated-content\" href=\"https:\/\/casamarebaltico.com\/wp-content\/uploads\/2024\/10\/5_Umgebung.jpeg\" data-elementor-open-lightbox=\"yes\" data-elementor-lightbox-slideshow=\"0f33be7\" data-e-action-hash=\"#elementor-action%3Aaction%3Dlightbox%26settings%3DeyJpZCI6NjY2LCJ1cmwiOiJodHRwczpcL1wvY2FzYW1hcmViYWx0aWNvLmNvbVwvd3AtY29udGVudFwvdXBsb2Fkc1wvMjAyNFwvMTBcLzVfVW1nZWJ1bmcuanBlZyIsInNsaWRlc2hvdyI6IjBmMzNiZTcifQ%3D%3D\">\n\t\t\t\t\t<div class=\"e-gallery-image elementor-gallery-item__image\" data-thumbnail=\"https:\/\/casamarebaltico.com\/wp-content\/uploads\/2024\/10\/5_Umgebung.jpeg\" data-width=\"1110\" data-height=\"1280\" aria-label=\"Bl\u00fchender Flieder und Zierphysalis\" role=\"img\" ><\/div>\n\t\t\t\t\t\t\t\t\t\t\t<div class=\"elementor-gallery-item__overlay\"><\/div>\n\t\t\t\t\t\t\t\t\t\t\t\t\t\t<\/a>\n\t\t\t\t\t\t\t<a class=\"e-gallery-item elementor-gallery-item elementor-animated-content\" href=\"https:\/\/casamarebaltico.com\/wp-content\/uploads\/2024\/10\/6_Umgebungjpeg.webp\" data-elementor-open-lightbox=\"yes\" data-elementor-lightbox-slideshow=\"0f33be7\" data-e-action-hash=\"#elementor-action%3Aaction%3Dlightbox%26settings%3DeyJpZCI6NjY3LCJ1cmwiOiJodHRwczpcL1wvY2FzYW1hcmViYWx0aWNvLmNvbVwvd3AtY29udGVudFwvdXBsb2Fkc1wvMjAyNFwvMTBcLzZfVW1nZWJ1bmdqcGVnLndlYnAiLCJzbGlkZXNob3ciOiIwZjMzYmU3In0%3D\">\n\t\t\t\t\t<div class=\"e-gallery-image elementor-gallery-item__image\" data-thumbnail=\"https:\/\/casamarebaltico.com\/wp-content\/uploads\/2024\/10\/6_Umgebungjpeg.webp\" data-width=\"960\" data-height=\"1280\" aria-label=\"Schneebedeckter Weg ges\u00e4umt von B\u00fcschen und dem Meer\" role=\"img\" ><\/div>\n\t\t\t\t\t\t\t\t\t\t\t<div class=\"elementor-gallery-item__overlay\"><\/div>\n\t\t\t\t\t\t\t\t\t\t\t\t\t\t<\/a>\n\t\t\t\t\t\t\t<a class=\"e-gallery-item elementor-gallery-item elementor-animated-content\" href=\"https:\/\/casamarebaltico.com\/wp-content\/uploads\/2024\/10\/7_Umgebung.webp\" data-elementor-open-lightbox=\"yes\" data-elementor-lightbox-slideshow=\"0f33be7\" data-e-action-hash=\"#elementor-action%3Aaction%3Dlightbox%26settings%3DeyJpZCI6NjY4LCJ1cmwiOiJodHRwczpcL1wvY2FzYW1hcmViYWx0aWNvLmNvbVwvd3AtY29udGVudFwvdXBsb2Fkc1wvMjAyNFwvMTBcLzdfVW1nZWJ1bmcud2VicCIsInNsaWRlc2hvdyI6IjBmMzNiZTcifQ%3D%3D\">\n\t\t\t\t\t<div class=\"e-gallery-image elementor-gallery-item__image\" data-thumbnail=\"https:\/\/casamarebaltico.com\/wp-content\/uploads\/2024\/10\/7_Umgebung.webp\" data-width=\"839\" data-height=\"1280\" aria-label=\"Schnee auf \u00c4sten mit Fr\u00fcchten daran\" role=\"img\" ><\/div>\n\t\t\t\t\t\t\t\t\t\t\t<div class=\"elementor-gallery-item__overlay\"><\/div>\n\t\t\t\t\t\t\t\t\t\t\t\t\t\t<\/a>\n\t\t\t\t\t<\/div>\n\t\t\t\t\t<\/div>\n\t\t\t\t<\/div>\n\t\t\t\t\t<\/div>\n\t\t<\/div>\n\t\t\t\t\t<\/div>\n\t\t<\/section>\n\t\t\t\t<section class=\"elementor-section elementor-top-section elementor-element elementor-element-a910ca9 elementor-section-boxed elementor-section-height-default elementor-section-height-default\" data-id=\"a910ca9\" data-element_type=\"section\" data-e-type=\"section\">\n\t\t\t\t\t\t<div class=\"elementor-container elementor-column-gap-default\">\n\t\t\t\t\t<div class=\"elementor-column elementor-col-100 elementor-top-column elementor-element elementor-element-81e3190\" data-id=\"81e3190\" data-element_type=\"column\" data-e-type=\"column\">\n\t\t\t<div class=\"elementor-widget-wrap elementor-element-populated\">\n\t\t\t\t\t\t<div class=\"elementor-element elementor-element-dab5d1b elementor-widget elementor-widget-spacer\" data-id=\"dab5d1b\" data-element_type=\"widget\" data-e-type=\"widget\" data-widget_type=\"spacer.default\">\n\t\t\t\t<div class=\"elementor-widget-container\">\n\t\t\t\t\t\t\t<div class=\"elementor-spacer\">\n\t\t\t<div class=\"elementor-spacer-inner\"><\/div>\n\t\t<\/div>\n\t\t\t\t\t\t<\/div>\n\t\t\t\t<\/div>\n\t\t\t\t\t<\/div>\n\t\t<\/div>\n\t\t\t\t\t<\/div>\n\t\t<\/section>\n\t\t\t\t<section class=\"elementor-section elementor-top-section elementor-element elementor-element-0810ca2 elementor-section-boxed elementor-section-height-default elementor-section-height-default\" data-id=\"0810ca2\" data-element_type=\"section\" data-e-type=\"section\">\n\t\t\t\t\t\t<div class=\"elementor-container elementor-column-gap-default\">\n\t\t\t\t\t<div class=\"elementor-column elementor-col-100 elementor-top-column elementor-element elementor-element-40db1c9\" data-id=\"40db1c9\" data-element_type=\"column\" data-e-type=\"column\">\n\t\t\t<div class=\"elementor-widget-wrap elementor-element-populated\">\n\t\t\t\t\t\t<section class=\"elementor-section elementor-inner-section elementor-element elementor-element-774d3b4 elementor-section-full_width elementor-section-height-default elementor-section-height-default\" data-id=\"774d3b4\" data-element_type=\"section\" data-e-type=\"section\">\n\t\t\t\t\t\t<div class=\"elementor-container elementor-column-gap-default\">\n\t\t\t\t\t<div class=\"elementor-column elementor-col-50 elementor-inner-column elementor-element elementor-element-2a816f4\" data-id=\"2a816f4\" data-element_type=\"column\" data-e-type=\"column\">\n\t\t\t<div class=\"elementor-widget-wrap elementor-element-populated\">\n\t\t\t\t\t\t<div class=\"elementor-element elementor-element-1981f19 elementor-widget elementor-widget-heading\" data-id=\"1981f19\" data-element_type=\"widget\" data-e-type=\"widget\" data-widget_type=\"heading.default\">\n\t\t\t\t<div class=\"elementor-widget-container\">\n\t\t\t\t\t<h2 class=\"elementor-heading-title elementor-size-default\">Adress:<\/h2>\t\t\t\t<\/div>\n\t\t\t\t<\/div>\n\t\t\t\t<div class=\"elementor-element elementor-element-514b0d5 elementor-widget elementor-widget-text-editor\" data-id=\"514b0d5\" data-element_type=\"widget\" data-e-type=\"widget\" data-settings=\"{&quot;motion_fx_motion_fx_mouse&quot;:&quot;yes&quot;}\" data-widget_type=\"text-editor.default\">\n\t\t\t\t<div class=\"elementor-widget-container\">\n\t\t\t\t\t\t\t\t\t<p>Casa Mare Baltico<\/p><p><span style=\"font-family: var( --e-global-typography-text-font-family ), Sans-serif; font-size: var( --e-global-typography-text-font-size );\">Ahornweg 15<\/span><\/p><p>23942 Gross Schwansee<\/p><p><a href=\"mailto:ciao@casamarebaltico.com\">ciao@casamarebaltico.com<\/a><\/p>\t\t\t\t\t\t\t\t<\/div>\n\t\t\t\t<\/div>\n\t\t\t\t\t<\/div>\n\t\t<\/div>\n\t\t\t\t<div class=\"elementor-column elementor-col-50 elementor-inner-column elementor-element elementor-element-bb82734\" data-id=\"bb82734\" data-element_type=\"column\" data-e-type=\"column\">\n\t\t\t<div class=\"elementor-widget-wrap\">\n\t\t\t\t\t\t\t<\/div>\n\t\t<\/div>\n\t\t\t\t\t<\/div>\n\t\t<\/section>\n\t\t\t\t\t<\/div>\n\t\t<\/div>\n\t\t\t\t\t<\/div>\n\t\t<\/section>\n\t\t\t\t<section class=\"elementor-section elementor-top-section elementor-element elementor-element-513d037 elementor-section-boxed elementor-section-height-default elementor-section-height-default\" data-id=\"513d037\" data-element_type=\"section\" data-e-type=\"section\">\n\t\t\t\t\t\t<div class=\"elementor-container elementor-column-gap-default\">\n\t\t\t\t\t<div class=\"elementor-column elementor-col-100 elementor-top-column elementor-element elementor-element-21e4533\" data-id=\"21e4533\" data-element_type=\"column\" data-e-type=\"column\">\n\t\t\t<div class=\"elementor-widget-wrap elementor-element-populated\">\n\t\t\t\t\t\t<div class=\"elementor-element elementor-element-13d4086 elementor-widget elementor-widget-google_maps\" data-id=\"13d4086\" data-element_type=\"widget\" data-e-type=\"widget\" data-widget_type=\"google_maps.default\">\n\t\t\t\t<div class=\"elementor-widget-container\">\n\t\t\t\t\t\t\t<div class=\"elementor-custom-embed\">\n\t\t\t<iframe loading=\"lazy\"\n\t\t\t\t\tsrc=\"https:\/\/maps.google.com\/maps?q=Ahornweg%2015%2023942%20Gro%C3%9F%20Schwansee&#038;t=m&#038;z=10&#038;output=embed&#038;iwloc=near\"\n\t\t\t\t\ttitle=\"Ahornweg 15 23942 Gro\u00df Schwansee\"\n\t\t\t\t\taria-label=\"Ahornweg 15 23942 Gro\u00df Schwansee\"\n\t\t\t><\/iframe>\n\t\t<\/div>\n\t\t\t\t\t\t<\/div>\n\t\t\t\t<\/div>\n\t\t\t\t\t<\/div>\n\t\t<\/div>\n\t\t\t\t\t<\/div>\n\t\t<\/section>\n\t\t\t\t<section class=\"elementor-section elementor-top-section elementor-element elementor-element-3332a09 elementor-section-boxed elementor-section-height-default elementor-section-height-default\" data-id=\"3332a09\" data-element_type=\"section\" data-e-type=\"section\">\n\t\t\t\t\t\t<div class=\"elementor-container elementor-column-gap-default\">\n\t\t\t\t\t<div class=\"elementor-column elementor-col-100 elementor-top-column elementor-element elementor-element-ab831b2\" data-id=\"ab831b2\" data-element_type=\"column\" data-e-type=\"column\">\n\t\t\t<div class=\"elementor-widget-wrap elementor-element-populated\">\n\t\t\t\t\t\t<div class=\"elementor-element elementor-element-f9a343f elementor-widget elementor-widget-spacer\" data-id=\"f9a343f\" data-element_type=\"widget\" data-e-type=\"widget\" data-widget_type=\"spacer.default\">\n\t\t\t\t<div class=\"elementor-widget-container\">\n\t\t\t\t\t\t\t<div class=\"elementor-spacer\">\n\t\t\t<div class=\"elementor-spacer-inner\"><\/div>\n\t\t<\/div>\n\t\t\t\t\t\t<\/div>\n\t\t\t\t<\/div>\n\t\t\t\t\t<\/div>\n\t\t<\/div>\n\t\t\t\t\t<\/div>\n\t\t<\/section>\n\t\t\t\t<section class=\"elementor-section elementor-top-section elementor-element elementor-element-3ba0a25 elementor-section-boxed elementor-section-height-default elementor-section-height-default\" data-id=\"3ba0a25\" data-element_type=\"section\" data-e-type=\"section\">\n\t\t\t\t\t\t<div class=\"elementor-container elementor-column-gap-default\">\n\t\t\t\t\t<div class=\"elementor-column elementor-col-100 elementor-top-column elementor-element elementor-element-258e44b\" data-id=\"258e44b\" data-element_type=\"column\" data-e-type=\"column\">\n\t\t\t<div class=\"elementor-widget-wrap elementor-element-populated\">\n\t\t\t\t\t\t<div class=\"elementor-element elementor-element-d0970bf elementor-widget elementor-widget-heading\" data-id=\"d0970bf\" data-element_type=\"widget\" data-e-type=\"widget\" data-widget_type=\"heading.default\">\n\t\t\t\t<div class=\"elementor-widget-container\">\n\t\t\t\t\t<h2 class=\"elementor-heading-title elementor-size-default\">How to get there:<\/h2>\t\t\t\t<\/div>\n\t\t\t\t<\/div>\n\t\t\t\t<div class=\"elementor-element elementor-element-0149ea0 elementor-widget elementor-widget-text-editor\" data-id=\"0149ea0\" data-element_type=\"widget\" data-e-type=\"widget\" data-widget_type=\"text-editor.default\">\n\t\t\t\t<div class=\"elementor-widget-container\">\n\t\t\t\t\t\t\t\t\t<p>By car, you can reach Gro\u00df Schwansee from Hamburg in about 1 1\/2 hours.<\/p><p>\u00a0<\/p><p>By train, it is best to travel to Travem\u00fcnde Harbour and then take the ferry to Priwall. From there, it is about 30 minutes on the Baltic Sea Coastal Cycle Route to Gro\u00df Schwansee. \nThere is even an <a title=\"on-demand bus service\" href=\"https:\/\/www.nahbus.de\/rufbus\" target=\"_blank\" rel=\"noopener\">on-demand bus service<\/a> line 80) from Priwall to Gro\u00df Schwansee. The on-demand bus runs at fixed times and can be booked by telephone directly with NAHBUS on 03881\/78880 or online. For timetable information, see <a title=\"Fahrplanauskunft\" href=\"https:\/\/www.fahrplanauskunft-mv.de\" target=\"_blank\" rel=\"noopener\">www.fahrplanauskunft-mv.de.<\/a>.<\/p><p>\u00a0<\/p><p>With the Deutschlandticket, you can use the ferry and the on-demand bus free of charge.<\/p><p>\u00a0<\/p>\t\t\t\t\t\t\t\t<\/div>\n\t\t\t\t<\/div>\n\t\t\t\t\t<\/div>\n\t\t<\/div>\n\t\t\t\t\t<\/div>\n\t\t<\/section>\n\t\t\t\t<\/div>","protected":false},"excerpt":{"rendered":"<p>UMGEBUNG Unser Garten l\u00e4dt zu jeder Jahreszeit zum geniessen ein- gerne k\u00f6nnen auch die Obstb\u00e4ume und Str\u00e4ucher w\u00e4hrend des Aufenthaltes geerntet werden. Das Naturschutzgebiet Kl\u00fctzer Winkel bietet viele M\u00f6glichkeiten f\u00fcr sportliche Aktivit\u00e4ten wie Wandern, Raddfahren und nat\u00fcrlich Schwimmen. Wundersch\u00f6ne Restaurants, Biobauernh\u00f6fe und kleine Wellnessoasen finden sich im n\u00e4heren Umkreis. Wir haben ein paar unserer Lieblingsorte [&hellip;]<\/p>\n","protected":false},"author":1,"featured_media":0,"parent":0,"menu_order":0,"comment_status":"closed","ping_status":"closed","template":"","meta":{"footnotes":""},"class_list":["post-1025","page","type-page","status-publish","hentry"],"_links":{"self":[{"href":"https:\/\/casamarebaltico.com\/en\/wp-json\/wp\/v2\/pages\/1025","targetHints":{"allow":["GET"]}}],"collection":[{"href":"https:\/\/casamarebaltico.com\/en\/wp-json\/wp\/v2\/pages"}],"about":[{"href":"https:\/\/casamarebaltico.com\/en\/wp-json\/wp\/v2\/types\/page"}],"author":[{"embeddable":true,"href":"https:\/\/casamarebaltico.com\/en\/wp-json\/wp\/v2\/users\/1"}],"replies":[{"embeddable":true,"href":"https:\/\/casamarebaltico.com\/en\/wp-json\/wp\/v2\/comments?post=1025"}],"version-history":[{"count":48,"href":"https:\/\/casamarebaltico.com\/en\/wp-json\/wp\/v2\/pages\/1025\/revisions"}],"predecessor-version":[{"id":1390,"href":"https:\/\/casamarebaltico.com\/en\/wp-json\/wp\/v2\/pages\/1025\/revisions\/1390"}],"wp:attachment":[{"href":"https:\/\/casamarebaltico.com\/en\/wp-json\/wp\/v2\/media?parent=1025"}],"curies":[{"name":"wp","href":"https:\/\/api.w.org\/{rel}","templated":true}]}}